{"id":2640,"date":"2022-07-12T14:57:47","date_gmt":"2022-07-12T14:57:47","guid":{"rendered":"https:\/\/rpmmach.com\/ueber-uns\/"},"modified":"2024-09-11T13:15:29","modified_gmt":"2024-09-11T13:15:29","slug":"ueber-uns","status":"publish","type":"page","link":"https:\/\/rpmmach.com\/de\/ueber-uns\/","title":{"rendered":"\u00dcber uns"},"content":{"rendered":"<style>.wp-block-kadence-advancedheading.kt-adv-heading995_7b2794-04, .wp-block-kadence-advancedheading.kt-adv-heading995_7b2794-04[data-kb-block=\"kb-adv-heading995_7b2794-04\"]{font-style:normal;}.wp-block-kadence-advancedheading.kt-adv-heading995_7b2794-04 mark.kt-highlight, .wp-block-kadence-advancedheading.kt-adv-heading995_7b2794-04[data-kb-block=\"kb-adv-heading995_7b2794-04\"] mark.kt-highlight{font-style:normal;color:#f76a0c;-webkit-box-decoration-break:clone;box-decoration-break:clone;padding-top:0px;padding-right:0px;padding-bottom:0px;padding-left:0px;}.wp-block-kadence-advancedheading.kt-adv-heading995_7b2794-04 img.kb-inline-image, .wp-block-kadence-advancedheading.kt-adv-heading995_7b2794-04[data-kb-block=\"kb-adv-heading995_7b2794-04\"] img.kb-inline-image{width:150px;vertical-align:baseline;}<\/style>\n<h1 class=\"kt-adv-heading995_7b2794-04 wp-block-kadence-advancedheading\" data-kb-block=\"kb-adv-heading995_7b2794-04\">\u00dcber uns<\/h1>\n<style>.wp-block-kadence-advancedheading.kt-adv-heading995_9109d6-35, .wp-block-kadence-advancedheading.kt-adv-heading995_9109d6-35[data-kb-block=\"kb-adv-heading995_9109d6-35\"]{font-style:normal;}.wp-block-kadence-advancedheading.kt-adv-heading995_9109d6-35 mark.kt-highlight, .wp-block-kadence-advancedheading.kt-adv-heading995_9109d6-35[data-kb-block=\"kb-adv-heading995_9109d6-35\"] mark.kt-highlight{font-style:normal;color:#f76a0c;-webkit-box-decoration-break:clone;box-decoration-break:clone;padding-top:0px;padding-right:0px;padding-bottom:0px;padding-left:0px;}.wp-block-kadence-advancedheading.kt-adv-heading995_9109d6-35 img.kb-inline-image, .wp-block-kadence-advancedheading.kt-adv-heading995_9109d6-35[data-kb-block=\"kb-adv-heading995_9109d6-35\"] img.kb-inline-image{width:150px;vertical-align:baseline;}<\/style>\n<p class=\"kt-adv-heading995_9109d6-35 wp-block-kadence-advancedheading\" data-kb-block=\"kb-adv-heading995_9109d6-35\"><strong>RPM<\/strong> Kau\u00e7uk Plastik Makine San. Tic. Ltd. \u015eti. wurde 2015 in Bursa, einer der gr\u00f6\u00dften Automobil- und Industriest\u00e4dte der T\u00fcrkei, gegr\u00fcndet und verf\u00fcgt \u00fcber rund 30 Jahre Erfahrung in Prozesstechnologien f\u00fcr die Gummiverarbeitung.<br\/>RPMmach-Technikprinzip; Durch die Anwendung kontinuierlicher Weiterentwicklung und modernster Technologien bei der Konstruktion von Gummiverarbeitungsmaschinen, die das Unternehmen unter Ber\u00fccksichtigung der <em>Arbeits- und Arbeitssicherheit herstellt<\/em>, hat es sein globales Kundenportfolio schnell erweitert und eine Position erreicht, die in der Branche mit seinen Erfindungen und Innovationen eingeschlagen wird Entdeckungen in kurzer Zeit.<br\/>Normen wie <strong>2006\/42\/EG, 2014\/3O\/EU, 2014\/35\/EU, DIN EN 1417:2015<\/strong>, die wir bei der Konstruktion und Herstellung unserer Gummiverarbeitungsmaschinen als Referenz verwenden, sind weltweit anerkannte Standards.<br\/>Obwohl wir Maschinenausr\u00fcstung entwerfen und herstellen, die speziell auf die Anforderungen und Prozesse unserer Kunden zugeschnitten ist, sind einige der von uns produzierten Standardmaschinen die folgenden:<\/p>\n\n<ul class=\"wp-block-list\">\n<li>Gummi-Kneter-Mischer (Gummi-Kneter-Mischer)<\/li>\n\n\n\n<li>Offene Teigmaschinen aus Gummi (2-Walzen-Gummimischm\u00fchle) <\/li>\n\n\n\n<li>Gummi-Banburys (Banburys)<\/li>\n\n\n\n<li>Kalander (Kalanderlinien)<\/li>\n\n\n\n<li>Gummisiebextruder (Gummisiebe)<\/li>\n\n\n\n<li>Labortyp Banbury, Kneter, offene Teigmaschinen (Labortyp Banbury, Kneter, 2-Walzen-Mischm\u00fchlen)<\/li>\n\n\n\n<li>Sigma  Z Rotor-Mischer f\u00fcr Silikon und Butylpolymere (SigmaZ-Blademischer zum Mischen von Silikon- und Butylpolymeren)<\/li>\n\n\n\n<li>Gummivorformer (Barwell) <\/li>\n\n\n\n<li>Gummiextruder<\/li>\n\n\n\n<li>Vulkanisations\u00f6fen<\/li>\n\n\n\n<li>Batch-Off-K\u00fchlmaschinen<\/li>\n\n\n\n<li>EVA-Verarbeitungsmaschinen<\/li>\n\n\n\n<li>TPE 3Car-Matten-Produktionslinie (TPE 3D-Car-Matten-Produktionslinie)<\/li>\n<\/ul>\n<style>.wp-block-kadence-advancedheading.kt-adv-heading995_aad98a-72, .wp-block-kadence-advancedheading.kt-adv-heading995_aad98a-72[data-kb-block=\"kb-adv-heading995_aad98a-72\"]{font-style:normal;}.wp-block-kadence-advancedheading.kt-adv-heading995_aad98a-72 mark.kt-highlight, .wp-block-kadence-advancedheading.kt-adv-heading995_aad98a-72[data-kb-block=\"kb-adv-heading995_aad98a-72\"] mark.kt-highlight{font-style:normal;color:#f76a0c;-webkit-box-decoration-break:clone;box-decoration-break:clone;padding-top:0px;padding-right:0px;padding-bottom:0px;padding-left:0px;}.wp-block-kadence-advancedheading.kt-adv-heading995_aad98a-72 img.kb-inline-image, .wp-block-kadence-advancedheading.kt-adv-heading995_aad98a-72[data-kb-block=\"kb-adv-heading995_aad98a-72\"] img.kb-inline-image{width:150px;vertical-align:baseline;}<\/style>\n<h2 class=\"kt-adv-heading995_aad98a-72 wp-block-kadence-advancedheading\" data-kb-block=\"kb-adv-heading995_aad98a-72\">Unsere Mission<\/h2>\n<style>.wp-block-kadence-advancedheading.kt-adv-heading995_cafbe8-c3, .wp-block-kadence-advancedheading.kt-adv-heading995_cafbe8-c3[data-kb-block=\"kb-adv-heading995_cafbe8-c3\"]{font-style:normal;}.wp-block-kadence-advancedheading.kt-adv-heading995_cafbe8-c3 mark.kt-highlight, .wp-block-kadence-advancedheading.kt-adv-heading995_cafbe8-c3[data-kb-block=\"kb-adv-heading995_cafbe8-c3\"] mark.kt-highlight{font-style:normal;color:#f76a0c;-webkit-box-decoration-break:clone;box-decoration-break:clone;padding-top:0px;padding-right:0px;padding-bottom:0px;padding-left:0px;}.wp-block-kadence-advancedheading.kt-adv-heading995_cafbe8-c3 img.kb-inline-image, .wp-block-kadence-advancedheading.kt-adv-heading995_cafbe8-c3[data-kb-block=\"kb-adv-heading995_cafbe8-c3\"] img.kb-inline-image{width:150px;vertical-align:baseline;}<\/style>\n<p class=\"kt-adv-heading995_cafbe8-c3 wp-block-kadence-advancedheading\" data-kb-block=\"kb-adv-heading995_cafbe8-c3\">RPMmach, ein Kandidat daf\u00fcr, in kurzer Zeit ein globales Zulieferunternehmen zu werden, wird weiterhin die Zufriedenheit unserer Kunden als den gr\u00f6\u00dften Gewinn betrachten.<br\/><\/p>\n","protected":false},"excerpt":{"rendered":"<p>\u00dcber uns RPM Kau\u00e7uk Plastik Makine San. Tic. Ltd. \u015eti. wurde 2015 in Bursa, einer der gr\u00f6\u00dften Automobil- und Industriest\u00e4dte der T\u00fcrkei, gegr\u00fcndet und verf\u00fcgt \u00fcber rund 30 Jahre Erfahrung in Prozesstechnologien f\u00fcr die Gummiverarbeitung.RPMmach-Technikprinzip; Durch die Anwendung kontinuierlicher Weiterentwicklung und modernster Technologien bei der Konstruktion von Gummiverarbeitungsmaschinen, die das Unternehmen unter Ber\u00fccksichtigung der Arbeits-&#8230;<\/p>\n","protected":false},"author":6,"featured_media":0,"parent":0,"menu_order":0,"comment_status":"closed","ping_status":"closed","template":"","meta":{"_crdt_document":"","_kad_blocks_custom_css":"","_kad_blocks_head_custom_js":"","_kad_blocks_body_custom_js":"","_kad_blocks_footer_custom_js":"","_kadence_starter_templates_imported_post":false,"_kad_post_transparent":"","_kad_post_title":"","_kad_post_layout":"","_kad_post_sidebar_id":"","_kad_post_content_style":"","_kad_post_vertical_padding":"","_kad_post_feature":"","_kad_post_feature_position":"","_kad_post_header":false,"_kad_post_footer":false,"_kad_post_classname":"","_joinchat":[],"footnotes":""},"class_list":["post-2640","page","type-page","status-publish","hentry"],"yoast_head":"<!-- This site is optimized with the Yoast SEO plugin v27.5 - https:\/\/yoast.com\/product\/yoast-seo-wordpress\/ -->\n<title>\u00dcber uns - Rpmmach.com<\/title>\n<meta name=\"robots\" content=\"index, follow, max-snippet:-1, max-image-preview:large, max-video-preview:-1\" \/>\n<link rel=\"canonical\" href=\"https:\/\/rpmmach.com\/hakkimizda\/\" \/>\n<meta property=\"og:locale\" content=\"de_DE\" \/>\n<meta property=\"og:type\" content=\"article\" \/>\n<meta property=\"og:title\" content=\"\u00dcber uns - Rpmmach.com\" \/>\n<meta property=\"og:description\" content=\"\u00dcber uns RPM Kau\u00e7uk Plastik Makine San. Tic. Ltd. \u015eti. wurde 2015 in Bursa, einer der gr\u00f6\u00dften Automobil- und Industriest\u00e4dte der T\u00fcrkei, gegr\u00fcndet und verf\u00fcgt \u00fcber rund 30 Jahre Erfahrung in Prozesstechnologien f\u00fcr die Gummiverarbeitung.RPMmach-Technikprinzip; Durch die Anwendung kontinuierlicher Weiterentwicklung und modernster Technologien bei der Konstruktion von Gummiverarbeitungsmaschinen, die das Unternehmen unter Ber\u00fccksichtigung der Arbeits-...\" \/>\n<meta property=\"og:url\" content=\"https:\/\/rpmmach.com\/hakkimizda\/\" \/>\n<meta property=\"og:site_name\" content=\"RPM\" \/>\n<meta property=\"article:publisher\" content=\"https:\/\/www.facebook.com\/rpmmach\" \/>\n<meta property=\"article:modified_time\" content=\"2024-09-11T13:15:29+00:00\" \/>\n<meta name=\"twitter:card\" content=\"summary_large_image\" \/>\n<meta name=\"twitter:label1\" content=\"Gesch\u00e4tzte Lesezeit\" \/>\n\t<meta name=\"twitter:data1\" content=\"1\u00a0Minute\" \/>\n<script type=\"application\/ld+json\" class=\"yoast-schema-graph\">{\"@context\":\"https:\\\/\\\/schema.org\",\"@graph\":[{\"@type\":\"WebPage\",\"@id\":\"https:\\\/\\\/rpmmach.com\\\/hakkimizda\\\/\",\"url\":\"https:\\\/\\\/rpmmach.com\\\/hakkimizda\\\/\",\"name\":\"\u00dcber uns - Rpmmach.com\",\"isPartOf\":{\"@id\":\"https:\\\/\\\/rpmmach.com\\\/#website\"},\"datePublished\":\"2022-07-12T14:57:47+00:00\",\"dateModified\":\"2024-09-11T13:15:29+00:00\",\"breadcrumb\":{\"@id\":\"https:\\\/\\\/rpmmach.com\\\/hakkimizda\\\/#breadcrumb\"},\"inLanguage\":\"de\",\"potentialAction\":[{\"@type\":\"ReadAction\",\"target\":[\"https:\\\/\\\/rpmmach.com\\\/hakkimizda\\\/\"]}]},{\"@type\":\"BreadcrumbList\",\"@id\":\"https:\\\/\\\/rpmmach.com\\\/hakkimizda\\\/#breadcrumb\",\"itemListElement\":[{\"@type\":\"ListItem\",\"position\":1,\"name\":\"Anasayfa\",\"item\":\"https:\\\/\\\/rpmmach.com\\\/\"},{\"@type\":\"ListItem\",\"position\":2,\"name\":\"\u00dcber uns\"}]},{\"@type\":\"WebSite\",\"@id\":\"https:\\\/\\\/rpmmach.com\\\/#website\",\"url\":\"https:\\\/\\\/rpmmach.com\\\/\",\"name\":\"RPM\",\"description\":\"Kau\u00e7uk Plastik Makine\",\"publisher\":{\"@id\":\"https:\\\/\\\/rpmmach.com\\\/#organization\"},\"potentialAction\":[{\"@type\":\"SearchAction\",\"target\":{\"@type\":\"EntryPoint\",\"urlTemplate\":\"https:\\\/\\\/rpmmach.com\\\/?s={search_term_string}\"},\"query-input\":{\"@type\":\"PropertyValueSpecification\",\"valueRequired\":true,\"valueName\":\"search_term_string\"}}],\"inLanguage\":\"de\"},{\"@type\":\"Organization\",\"@id\":\"https:\\\/\\\/rpmmach.com\\\/#organization\",\"name\":\"RPM\",\"url\":\"https:\\\/\\\/rpmmach.com\\\/\",\"logo\":{\"@type\":\"ImageObject\",\"inLanguage\":\"de\",\"@id\":\"https:\\\/\\\/rpmmach.com\\\/#\\\/schema\\\/logo\\\/image\\\/\",\"url\":\"https:\\\/\\\/rpmmach.com\\\/wp-content\\\/uploads\\\/2024\\\/07\\\/rpm-logo.png\",\"contentUrl\":\"https:\\\/\\\/rpmmach.com\\\/wp-content\\\/uploads\\\/2024\\\/07\\\/rpm-logo.png\",\"width\":258,\"height\":75,\"caption\":\"RPM\"},\"image\":{\"@id\":\"https:\\\/\\\/rpmmach.com\\\/#\\\/schema\\\/logo\\\/image\\\/\"},\"sameAs\":[\"https:\\\/\\\/www.facebook.com\\\/rpmmach\"]}]}<\/script>\n<!-- \/ Yoast SEO plugin. -->","yoast_head_json":{"title":"\u00dcber uns - Rpmmach.com","robots":{"index":"index","follow":"follow","max-snippet":"max-snippet:-1","max-image-preview":"max-image-preview:large","max-video-preview":"max-video-preview:-1"},"canonical":"https:\/\/rpmmach.com\/hakkimizda\/","og_locale":"de_DE","og_type":"article","og_title":"\u00dcber uns - Rpmmach.com","og_description":"\u00dcber uns RPM Kau\u00e7uk Plastik Makine San. Tic. Ltd. \u015eti. wurde 2015 in Bursa, einer der gr\u00f6\u00dften Automobil- und Industriest\u00e4dte der T\u00fcrkei, gegr\u00fcndet und verf\u00fcgt \u00fcber rund 30 Jahre Erfahrung in Prozesstechnologien f\u00fcr die Gummiverarbeitung.RPMmach-Technikprinzip; Durch die Anwendung kontinuierlicher Weiterentwicklung und modernster Technologien bei der Konstruktion von Gummiverarbeitungsmaschinen, die das Unternehmen unter Ber\u00fccksichtigung der Arbeits-...","og_url":"https:\/\/rpmmach.com\/hakkimizda\/","og_site_name":"RPM","article_publisher":"https:\/\/www.facebook.com\/rpmmach","article_modified_time":"2024-09-11T13:15:29+00:00","twitter_card":"summary_large_image","twitter_misc":{"Gesch\u00e4tzte Lesezeit":"1\u00a0Minute"},"schema":{"@context":"https:\/\/schema.org","@graph":[{"@type":"WebPage","@id":"https:\/\/rpmmach.com\/hakkimizda\/","url":"https:\/\/rpmmach.com\/hakkimizda\/","name":"\u00dcber uns - Rpmmach.com","isPartOf":{"@id":"https:\/\/rpmmach.com\/#website"},"datePublished":"2022-07-12T14:57:47+00:00","dateModified":"2024-09-11T13:15:29+00:00","breadcrumb":{"@id":"https:\/\/rpmmach.com\/hakkimizda\/#breadcrumb"},"inLanguage":"de","potentialAction":[{"@type":"ReadAction","target":["https:\/\/rpmmach.com\/hakkimizda\/"]}]},{"@type":"BreadcrumbList","@id":"https:\/\/rpmmach.com\/hakkimizda\/#breadcrumb","itemListElement":[{"@type":"ListItem","position":1,"name":"Anasayfa","item":"https:\/\/rpmmach.com\/"},{"@type":"ListItem","position":2,"name":"\u00dcber uns"}]},{"@type":"WebSite","@id":"https:\/\/rpmmach.com\/#website","url":"https:\/\/rpmmach.com\/","name":"RPM","description":"Kau\u00e7uk Plastik Makine","publisher":{"@id":"https:\/\/rpmmach.com\/#organization"},"potentialAction":[{"@type":"SearchAction","target":{"@type":"EntryPoint","urlTemplate":"https:\/\/rpmmach.com\/?s={search_term_string}"},"query-input":{"@type":"PropertyValueSpecification","valueRequired":true,"valueName":"search_term_string"}}],"inLanguage":"de"},{"@type":"Organization","@id":"https:\/\/rpmmach.com\/#organization","name":"RPM","url":"https:\/\/rpmmach.com\/","logo":{"@type":"ImageObject","inLanguage":"de","@id":"https:\/\/rpmmach.com\/#\/schema\/logo\/image\/","url":"https:\/\/rpmmach.com\/wp-content\/uploads\/2024\/07\/rpm-logo.png","contentUrl":"https:\/\/rpmmach.com\/wp-content\/uploads\/2024\/07\/rpm-logo.png","width":258,"height":75,"caption":"RPM"},"image":{"@id":"https:\/\/rpmmach.com\/#\/schema\/logo\/image\/"},"sameAs":["https:\/\/www.facebook.com\/rpmmach"]}]}},"taxonomy_info":[],"featured_image_src_large":false,"author_info":{"display_name":"RPM SEO","author_link":"https:\/\/rpmmach.com\/de\/author\/rpmseo\/"},"comment_info":0,"_links":{"self":[{"href":"https:\/\/rpmmach.com\/de\/wp-json\/wp\/v2\/pages\/2640","targetHints":{"allow":["GET"]}}],"collection":[{"href":"https:\/\/rpmmach.com\/de\/wp-json\/wp\/v2\/pages"}],"about":[{"href":"https:\/\/rpmmach.com\/de\/wp-json\/wp\/v2\/types\/page"}],"author":[{"embeddable":true,"href":"https:\/\/rpmmach.com\/de\/wp-json\/wp\/v2\/users\/6"}],"replies":[{"embeddable":true,"href":"https:\/\/rpmmach.com\/de\/wp-json\/wp\/v2\/comments?post=2640"}],"version-history":[{"count":1,"href":"https:\/\/rpmmach.com\/de\/wp-json\/wp\/v2\/pages\/2640\/revisions"}],"predecessor-version":[{"id":2641,"href":"https:\/\/rpmmach.com\/de\/wp-json\/wp\/v2\/pages\/2640\/revisions\/2641"}],"wp:attachment":[{"href":"https:\/\/rpmmach.com\/de\/wp-json\/wp\/v2\/media?parent=2640"}],"curies":[{"name":"wp","href":"https:\/\/api.w.org\/{rel}","templated":true}]}}