{"id":2720,"date":"2024-07-31T11:33:47","date_gmt":"2024-07-31T11:33:47","guid":{"rendered":"https:\/\/rpmmach.com\/unsere-produkte\/gummi-banburys\/"},"modified":"2024-09-12T12:17:38","modified_gmt":"2024-09-12T12:17:38","slug":"gummi-banburys","status":"publish","type":"page","link":"https:\/\/rpmmach.com\/de\/unsere-produkte\/gummi-banburys\/","title":{"rendered":"Gummi-Banburys"},"content":{"rendered":"<style>.wp-block-kadence-advancedheading.kt-adv-heading2720_52f394-5d, .wp-block-kadence-advancedheading.kt-adv-heading2720_52f394-5d[data-kb-block=\"kb-adv-heading2720_52f394-5d\"]{font-style:normal;}.wp-block-kadence-advancedheading.kt-adv-heading2720_52f394-5d mark.kt-highlight, .wp-block-kadence-advancedheading.kt-adv-heading2720_52f394-5d[data-kb-block=\"kb-adv-heading2720_52f394-5d\"] mark.kt-highlight{font-style:normal;color:var(--global-palette9, #ffffff);background:var(--global-palette1, #3182CE);-webkit-box-decoration-break:clone;box-decoration-break:clone;padding-top:0px;padding-right:0px;padding-bottom:0px;padding-left:0px;}.wp-block-kadence-advancedheading.kt-adv-heading2720_52f394-5d img.kb-inline-image, .wp-block-kadence-advancedheading.kt-adv-heading2720_52f394-5d[data-kb-block=\"kb-adv-heading2720_52f394-5d\"] img.kb-inline-image{width:150px;vertical-align:baseline;}<\/style>\n<h1 class=\"kt-adv-heading2720_52f394-5d wp-block-kadence-advancedheading\" data-kb-block=\"kb-adv-heading2720_52f394-5d\"><mark class=\"kt-highlight\">Gummi-Banburys<\/mark><\/h1>\n\n\n<style>.wp-block-kadence-advancedheading.kt-adv-heading2720_6401f7-5d, .wp-block-kadence-advancedheading.kt-adv-heading2720_6401f7-5d[data-kb-block=\"kb-adv-heading2720_6401f7-5d\"]{text-align:center;font-style:normal;}.wp-block-kadence-advancedheading.kt-adv-heading2720_6401f7-5d mark.kt-highlight, .wp-block-kadence-advancedheading.kt-adv-heading2720_6401f7-5d[data-kb-block=\"kb-adv-heading2720_6401f7-5d\"] mark.kt-highlight{font-style:normal;color:#f76a0c;-webkit-box-decoration-break:clone;box-decoration-break:clone;padding-top:0px;padding-right:0px;padding-bottom:0px;padding-left:0px;}.wp-block-kadence-advancedheading.kt-adv-heading2720_6401f7-5d img.kb-inline-image, .wp-block-kadence-advancedheading.kt-adv-heading2720_6401f7-5d[data-kb-block=\"kb-adv-heading2720_6401f7-5d\"] img.kb-inline-image{width:150px;vertical-align:baseline;}<\/style>\n<p class=\"kt-adv-heading2720_6401f7-5d wp-block-kadence-advancedheading\" data-kb-block=\"kb-adv-heading2720_6401f7-5d\">Banbury-Mischer geh\u00f6ren zu den wichtigsten Maschinen in diesem Sektor und werden zum Mischen der in der Gummiformulierung verwendeten Chemikalien durch mechanische Druckwirkung eingesetzt. Die Qualit\u00e4t des auf dieser Maschine durchgef\u00fchrten Prozesses wirkt sich direkt auf die Qualit\u00e4t des Produkts und den Prozessablauf aus. Je homogener die Dispersion Sie in Banburys erreichen, desto homogenere physikalische und dimensionale Qualit\u00e4t k\u00f6nnen Sie in nachfolgenden Prozessen und im Endprodukt erreichen.  <br><\/p>\n\n\n<style>.kb-image2720_adaed5-7c.kb-image-is-ratio-size, .kb-image2720_adaed5-7c .kb-image-is-ratio-size{max-width:1000px;width:100%;}.wp-block-kadence-column > .kt-inside-inner-col > .kb-image2720_adaed5-7c.kb-image-is-ratio-size, .wp-block-kadence-column > .kt-inside-inner-col > .kb-image2720_adaed5-7c .kb-image-is-ratio-size{align-self:unset;}.kb-image2720_adaed5-7c figure{max-width:1000px;}.kb-image2720_adaed5-7c .image-is-svg, .kb-image2720_adaed5-7c .image-is-svg img{width:100%;}.kb-image2720_adaed5-7c .kb-image-has-overlay:after{opacity:0.3;}<\/style>\n<div class=\"wp-block-kadence-image kb-image2720_adaed5-7c\"><figure class=\"aligncenter size-large\"><img decoding=\"async\" src=\"https:\/\/rpmmach.com\/wp-content\/uploads\/2024\/09\/rpm-banbury-110l-001-782x1024.jpg\" alt=\"\" class=\"kb-img\"\/><\/figure><\/div>\n\n\n\n<p class=\"wp-block-paragraph\">Bekanntlich werden in Gummiformeln viele chemische Stoffe mit unterschiedlichen Eigenschaften und in sehr unterschiedlicher Form verwendet. Von fl\u00fcssigen Chemikalien, Pulverchemikalien, granulierten Chemikalien in Semi-Masterbatch-Form, Polymeren, von S\u00e4uren abgeleiteten Chemikalien und chemischen Komponenten mit sehr unterschiedlichen Dichten wird erwartet, dass sie miteinander vermischt werden und so homogen wie m\u00f6glich werden, indem sie derselben Charge zugesetzt werden Formel. Obwohl dies physikalisch sehr schwer zu erreichen ist, gilt angesichts einiger chemischer Reaktionsfaktoren, die diesen Prozess noch schwieriger machen, die gute Vorbereitung dieser Mischung als der wichtigste Prozess in der Gummiindustrie.<br>Als Unternehmen, das sich all dieser Mischschwierigkeiten bewusst ist und \u00fcber die n\u00f6tige Erfahrung verf\u00fcgt, verbessert RPMMach st\u00e4ndig die gesamte Konstruktion von Banbury-Mischern, arbeitet speziell an diesem Thema und erzielt sehr n\u00fctzliche Ergebnisse.  <\/p>\n\n\n<style>.kb-image2720_628c6f-ab.kb-image-is-ratio-size, .kb-image2720_628c6f-ab .kb-image-is-ratio-size{max-width:1000px;width:100%;}.wp-block-kadence-column > .kt-inside-inner-col > .kb-image2720_628c6f-ab.kb-image-is-ratio-size, .wp-block-kadence-column > .kt-inside-inner-col > .kb-image2720_628c6f-ab .kb-image-is-ratio-size{align-self:unset;}.kb-image2720_628c6f-ab figure{max-width:1000px;}.kb-image2720_628c6f-ab .image-is-svg, .kb-image2720_628c6f-ab .image-is-svg img{width:100%;}.kb-image2720_628c6f-ab .kb-image-has-overlay:after{opacity:0.3;}<\/style>\n<div class=\"wp-block-kadence-image kb-image2720_628c6f-ab\"><figure class=\"aligncenter size-large\"><img decoding=\"async\" src=\"https:\/\/rpmmach.com\/wp-content\/uploads\/2024\/09\/rpm-banbury-110l-002.jpg\" alt=\"\" class=\"kb-img\"\/><\/figure><\/div>\n\n\n\n<p class=\"wp-block-paragraph\"><br><br>Die wichtigsten Teile, die das Ergebnis der Mischungshomogenit\u00e4t in Banburys beeinflussen, sind die Rotortypen. Von der Vergangenheit bis zur Gegenwart wurde die Mischung mit vielen Rotormodellen ausprobiert, und einige bahnbrechende und weltweit bekannte Unternehmen haben diesbez\u00fcglich ebenfalls wichtige Studien durchgef\u00fchrt. Manchmal sind halbe spiralf\u00f6rmig-tangentiale Rotorbl\u00e4tter auf der Rotorwelle angebracht, manchmal wurden 2-3 oder 4 flache Rotorbl\u00e4tter angebracht und manchmal wurde die Rotorgeschwindigkeit einstellbar gemacht. Alle diese Entwicklungen und unterschiedlichen Designs waren nat\u00fcrlich n\u00fctzlich, aber jede hat zu Ergebnissen gef\u00fchrt, die f\u00fcr einen separaten Polymerprozess besser geeignet sind. Wir k\u00f6nnen nicht sagen, dass alle Polymere mit einem einzigen Rotortyp und einem einzigen Banbury sehr gute Ergebnisse liefern. <\/p>\n\n\n<style>.kb-image2720_90de35-4e.kb-image-is-ratio-size, .kb-image2720_90de35-4e .kb-image-is-ratio-size{max-width:1000px;width:100%;}.wp-block-kadence-column > .kt-inside-inner-col > .kb-image2720_90de35-4e.kb-image-is-ratio-size, .wp-block-kadence-column > .kt-inside-inner-col > .kb-image2720_90de35-4e .kb-image-is-ratio-size{align-self:unset;}.kb-image2720_90de35-4e figure{max-width:1000px;}.kb-image2720_90de35-4e .image-is-svg, .kb-image2720_90de35-4e .image-is-svg img{width:100%;}.kb-image2720_90de35-4e .kb-image-has-overlay:after{opacity:0.3;}<\/style>\n<div class=\"wp-block-kadence-image kb-image2720_90de35-4e\"><figure class=\"aligncenter size-large\"><img decoding=\"async\" src=\"https:\/\/rpmmach.com\/wp-content\/uploads\/2024\/09\/rpm-banbury-110l-002.jpg\" alt=\"\" class=\"kb-img\"\/><\/figure><\/div>\n\n\n\n<p class=\"wp-block-paragraph\">Der in den letzten Jahren entwickelte INTERMESH-Rotor liefert jedoch im Allgemeinen sehr ann\u00e4hernd homogene Mischergebnisse f\u00fcr alle Polymermischungen. RPMMach hat ein einzigartiges ineinandergreifendes Rotordesign entwickelt und dieses Design durch ein Patent gesch\u00fctzt. Obwohl es etwas teurer ist als andere, raten wir Banbury-K\u00e4ufern, die Option \u201eIntermesh Rotor\u201c sorgf\u00e4ltig zu pr\u00fcfen. Im Allgemeinen versorgen Sie unsere Unternehmensmitarbeiter mit den notwendigen Informationen zur Auswahl der Banbury-Konfiguration entsprechend der auszuf\u00fchrenden Arbeit \u2013 Polymer. <\/p>\n\n\n<style>.kb-image2720_37c2cf-ff.kb-image-is-ratio-size, .kb-image2720_37c2cf-ff .kb-image-is-ratio-size{max-width:1000px;width:100%;}.wp-block-kadence-column > .kt-inside-inner-col > .kb-image2720_37c2cf-ff.kb-image-is-ratio-size, .wp-block-kadence-column > .kt-inside-inner-col > .kb-image2720_37c2cf-ff .kb-image-is-ratio-size{align-self:unset;}.kb-image2720_37c2cf-ff figure{max-width:1000px;}.kb-image2720_37c2cf-ff .image-is-svg, .kb-image2720_37c2cf-ff .image-is-svg img{width:100%;}.kb-image2720_37c2cf-ff .kb-image-has-overlay:after{opacity:0.3;}<\/style>\n<div class=\"wp-block-kadence-image kb-image2720_37c2cf-ff\"><figure class=\"aligncenter size-large\"><img decoding=\"async\" src=\"https:\/\/rpmmach.com\/wp-content\/uploads\/2024\/09\/rpm-banbury-110l-003-777x1024.jpg\" alt=\"\" class=\"kb-img\"\/><\/figure><\/div>\n\n\n\n<p class=\"wp-block-paragraph\">Abgesehen davon ist auch das Banbury-K\u00fchlsystem ein sehr wichtiges Thema. Dies h\u00e4ngt nat\u00fcrlich von der Temperatur des K\u00fchlwassers ab, das Sie der Maschine zuf\u00fchren k\u00f6nnen, aber auch das Maschinendesign ist wichtig. RPMMach hat das System erfolgreich implementiert, das f\u00fcr eine Wasserzirkulation in der idealen Menge, im idealen Zyklus und im idealen Druck in der Teigmischkammer, im Inneren der Rotoren und im Druckstempel (Hammer) sorgt. <\/p>\n\n\n<style>.kb-image2720_92c257-23.kb-image-is-ratio-size, .kb-image2720_92c257-23 .kb-image-is-ratio-size{max-width:1000px;width:100%;}.wp-block-kadence-column > .kt-inside-inner-col > .kb-image2720_92c257-23.kb-image-is-ratio-size, .wp-block-kadence-column > .kt-inside-inner-col > .kb-image2720_92c257-23 .kb-image-is-ratio-size{align-self:unset;}.kb-image2720_92c257-23 figure{max-width:1000px;}.kb-image2720_92c257-23 .image-is-svg, .kb-image2720_92c257-23 .image-is-svg img{width:100%;}.kb-image2720_92c257-23 .kb-image-has-overlay:after{opacity:0.3;}<\/style>\n<div class=\"wp-block-kadence-image kb-image2720_92c257-23\"><figure class=\"aligncenter size-large\"><img decoding=\"async\" src=\"https:\/\/rpmmach.com\/wp-content\/uploads\/2024\/09\/rpm-banbury-110l-004-902x1024.jpg\" alt=\"\" class=\"kb-img\"\/><\/figure><\/div>\n\n\n\n<p class=\"wp-block-paragraph\">Da beim Mischen in Banburys ein starker Druck auf die Chemikalien ausge\u00fcbt wird, verwendet RPMMach ein ganz besonderes System, um zu verhindern, dass Chemikalien aus den Rotorlagern austreten. Dies ist ein sehr wichtiges Merkmal f\u00fcr Banburys.<br>Bei einigen Prozessen, wenn Kochchemikalien in Banbury entsorgt werden m\u00fcssen, oder bei einigen Prozessen k\u00f6nnen die Rotorgeschwindigkeiten von Banbury mit dem SPS-Steuerungssystem angepasst werden, um die Mischf\u00e4higkeit einiger Chemikalien zu erh\u00f6hen und zu unterst\u00fctzen. Wenn in diesem Fall auch automatische Dosiereinheiten installiert sind, k\u00f6nnen diese beiden Systeme integriert miteinander arbeiten.<\/p>\n\n\n<style>.kb-image2720_fadb93-37.kb-image-is-ratio-size, .kb-image2720_fadb93-37 .kb-image-is-ratio-size{max-width:1000px;width:100%;}.wp-block-kadence-column > .kt-inside-inner-col > .kb-image2720_fadb93-37.kb-image-is-ratio-size, .wp-block-kadence-column > .kt-inside-inner-col > .kb-image2720_fadb93-37 .kb-image-is-ratio-size{align-self:unset;}.kb-image2720_fadb93-37 figure{max-width:1000px;}.kb-image2720_fadb93-37 .image-is-svg, .kb-image2720_fadb93-37 .image-is-svg img{width:100%;}.kb-image2720_fadb93-37 .kb-image-has-overlay:after{opacity:0.3;}<\/style>\n<div class=\"wp-block-kadence-image kb-image2720_fadb93-37\"><figure class=\"aligncenter size-large\"><img decoding=\"async\" src=\"https:\/\/rpmmach.com\/wp-content\/uploads\/2024\/09\/rpm-banbury-110l-006-768x1028.jpg\" alt=\"\" class=\"kb-img\"\/><\/figure><\/div>\n\n\n\n<p class=\"wp-block-paragraph\">So wie RPMMach alle produzierten Maschinen testet, f\u00fchrt das Unternehmen auch Betriebs- und Prozesstests an Banbury-Mischern vor der Lieferung und Installation durch. Es misst die Homogenit\u00e4tsergebnisse dieser Tests mit Kohlenstoffverteilungsger\u00e4ten und teilt diese vorab seinen Kunden mit.<\/p>\n\n\n<style>.wp-block-kadence-advancedbtn.kb-btns2720_f35470-48{gap:var(--global-kb-gap-xs, 0.5rem );justify-content:center;align-items:center;}.kt-btns2720_f35470-48 .kt-button{font-weight:normal;font-style:normal;}.kt-btns2720_f35470-48 .kt-btn-wrap-0{margin-right:5px;}.wp-block-kadence-advancedbtn.kt-btns2720_f35470-48 .kt-btn-wrap-0 .kt-button{color:#555555;border-color:#555555;}.wp-block-kadence-advancedbtn.kt-btns2720_f35470-48 .kt-btn-wrap-0 .kt-button:hover, .wp-block-kadence-advancedbtn.kt-btns2720_f35470-48 .kt-btn-wrap-0 .kt-button:focus{color:#ffffff;border-color:#444444;}.wp-block-kadence-advancedbtn.kt-btns2720_f35470-48 .kt-btn-wrap-0 .kt-button::before{display:none;}.wp-block-kadence-advancedbtn.kt-btns2720_f35470-48 .kt-btn-wrap-0 .kt-button:hover, .wp-block-kadence-advancedbtn.kt-btns2720_f35470-48 .kt-btn-wrap-0 .kt-button:focus{background:#444444;}<\/style>\n<div class=\"wp-block-kadence-advancedbtn kb-buttons-wrap kb-btns2720_f35470-48\"><style>ul.menu .wp-block-kadence-advancedbtn .kb-btn2720_be2561-cb.kb-button{width:initial;}<\/style><a class=\"kb-button kt-button button kb-btn2720_be2561-cb kt-btn-size-standard kt-btn-width-type-auto kb-btn-global-inherit  kt-btn-has-text-true kt-btn-has-svg-true  wp-block-button__link wp-block-kadence-singlebtn\" href=\"https:\/\/rpmmach.com\/iletisim\/\"><span class=\"kb-svg-icon-wrap kb-svg-icon-fe_arrowRight kt-btn-icon-side-left\"><svg viewBox=\"0 0 24 24\"  fill=\"none\" stroke=\"currentColor\" stroke-width=\"2\" stroke-linecap=\"round\" stroke-linejoin=\"round\" xmlns=\"http:\/\/www.w3.org\/2000\/svg\"  aria-hidden=\"true\"><line x1=\"5\" y1=\"12\" x2=\"19\" y2=\"12\"\/><polyline points=\"12 5 19 12 12 19\"\/><\/svg><\/span><span class=\"kt-btn-inner-text\">Kontaktieren Sie uns f\u00fcr detaillierte Informationen \u00fcber das Produkt<\/span><\/a><\/div>\n","protected":false},"excerpt":{"rendered":"<p>Gummi-Banburys Banbury-Mischer geh\u00f6ren zu den wichtigsten Maschinen in diesem Sektor und werden zum Mischen der in der Gummiformulierung verwendeten Chemikalien durch mechanische Druckwirkung eingesetzt. Die Qualit\u00e4t des auf dieser Maschine durchgef\u00fchrten Prozesses wirkt sich direkt auf die Qualit\u00e4t des Produkts und den Prozessablauf aus. Je homogener die Dispersion Sie in Banburys erreichen, desto homogenere physikalische&#8230;<\/p>\n","protected":false},"author":3,"featured_media":0,"parent":2648,"menu_order":0,"comment_status":"closed","ping_status":"closed","template":"","meta":{"_crdt_document":"","_kad_blocks_custom_css":"","_kad_blocks_head_custom_js":"","_kad_blocks_body_custom_js":"","_kad_blocks_footer_custom_js":"","_kadence_starter_templates_imported_post":false,"_kad_post_transparent":"","_kad_post_title":"","_kad_post_layout":"","_kad_post_sidebar_id":"","_kad_post_content_style":"","_kad_post_vertical_padding":"","_kad_post_feature":"","_kad_post_feature_position":"","_kad_post_header":false,"_kad_post_footer":false,"_joinchat":[],"footnotes":""},"class_list":["post-2720","page","type-page","status-publish","hentry"],"yoast_head":"<!-- This site is optimized with the Yoast SEO plugin v27.3 - https:\/\/yoast.com\/product\/yoast-seo-wordpress\/ -->\n<title>Gummi-Banburys - Rpmmach.com<\/title>\n<meta name=\"robots\" content=\"index, follow, max-snippet:-1, max-image-preview:large, max-video-preview:-1\" \/>\n<link rel=\"canonical\" href=\"https:\/\/rpmmach.com\/urunlerimiz\/kaucuk-banburyler\/\" \/>\n<meta property=\"og:locale\" content=\"de_DE\" \/>\n<meta property=\"og:type\" content=\"article\" \/>\n<meta property=\"og:title\" content=\"Gummi-Banburys - Rpmmach.com\" \/>\n<meta property=\"og:description\" content=\"Gummi-Banburys Banbury-Mischer geh\u00f6ren zu den wichtigsten Maschinen in diesem Sektor und werden zum Mischen der in der Gummiformulierung verwendeten Chemikalien durch mechanische Druckwirkung eingesetzt. Die Qualit\u00e4t des auf dieser Maschine durchgef\u00fchrten Prozesses wirkt sich direkt auf die Qualit\u00e4t des Produkts und den Prozessablauf aus. Je homogener die Dispersion Sie in Banburys erreichen, desto homogenere physikalische...\" \/>\n<meta property=\"og:url\" content=\"https:\/\/rpmmach.com\/urunlerimiz\/kaucuk-banburyler\/\" \/>\n<meta property=\"og:site_name\" content=\"RPM\" \/>\n<meta property=\"article:modified_time\" content=\"2024-09-12T12:17:38+00:00\" \/>\n<meta property=\"og:image\" content=\"https:\/\/rpmmach.com\/wp-content\/uploads\/2024\/09\/rpm-banbury-110l-001-782x1024.jpg\" \/>\n<meta name=\"twitter:card\" content=\"summary_large_image\" \/>\n<meta name=\"twitter:label1\" content=\"Gesch\u00e4tzte Lesezeit\" \/>\n\t<meta name=\"twitter:data1\" content=\"5\u00a0Minuten\" \/>\n<script type=\"application\/ld+json\" class=\"yoast-schema-graph\">{\"@context\":\"https:\\\/\\\/schema.org\",\"@graph\":[{\"@type\":\"WebPage\",\"@id\":\"https:\\\/\\\/rpmmach.com\\\/urunlerimiz\\\/kaucuk-banburyler\\\/\",\"url\":\"https:\\\/\\\/rpmmach.com\\\/urunlerimiz\\\/kaucuk-banburyler\\\/\",\"name\":\"Gummi-Banburys - Rpmmach.com\",\"isPartOf\":{\"@id\":\"https:\\\/\\\/rpmmach.com\\\/#website\"},\"primaryImageOfPage\":{\"@id\":\"https:\\\/\\\/rpmmach.com\\\/urunlerimiz\\\/kaucuk-banburyler\\\/#primaryimage\"},\"image\":{\"@id\":\"https:\\\/\\\/rpmmach.com\\\/urunlerimiz\\\/kaucuk-banburyler\\\/#primaryimage\"},\"thumbnailUrl\":\"https:\\\/\\\/rpmmach.com\\\/wp-content\\\/uploads\\\/2024\\\/09\\\/rpm-banbury-110l-001-782x1024.jpg\",\"datePublished\":\"2024-07-31T11:33:47+00:00\",\"dateModified\":\"2024-09-12T12:17:38+00:00\",\"breadcrumb\":{\"@id\":\"https:\\\/\\\/rpmmach.com\\\/urunlerimiz\\\/kaucuk-banburyler\\\/#breadcrumb\"},\"inLanguage\":\"de\",\"potentialAction\":[{\"@type\":\"ReadAction\",\"target\":[\"https:\\\/\\\/rpmmach.com\\\/urunlerimiz\\\/kaucuk-banburyler\\\/\"]}]},{\"@type\":\"ImageObject\",\"inLanguage\":\"de\",\"@id\":\"https:\\\/\\\/rpmmach.com\\\/urunlerimiz\\\/kaucuk-banburyler\\\/#primaryimage\",\"url\":\"https:\\\/\\\/rpmmach.com\\\/wp-content\\\/uploads\\\/2024\\\/09\\\/rpm-banbury-110l-001-782x1024.jpg\",\"contentUrl\":\"https:\\\/\\\/rpmmach.com\\\/wp-content\\\/uploads\\\/2024\\\/09\\\/rpm-banbury-110l-001-782x1024.jpg\"},{\"@type\":\"BreadcrumbList\",\"@id\":\"https:\\\/\\\/rpmmach.com\\\/urunlerimiz\\\/kaucuk-banburyler\\\/#breadcrumb\",\"itemListElement\":[{\"@type\":\"ListItem\",\"position\":1,\"name\":\"Anasayfa\",\"item\":\"https:\\\/\\\/rpmmach.com\\\/\"},{\"@type\":\"ListItem\",\"position\":2,\"name\":\"Unsere Produkte\",\"item\":\"https:\\\/\\\/rpmmach.com\\\/urunlerimiz\\\/\"},{\"@type\":\"ListItem\",\"position\":3,\"name\":\"Gummi-Banburys\"}]},{\"@type\":\"WebSite\",\"@id\":\"https:\\\/\\\/rpmmach.com\\\/#website\",\"url\":\"https:\\\/\\\/rpmmach.com\\\/\",\"name\":\"RPM\",\"description\":\"Kau\u00e7uk Plastik Makine\",\"publisher\":{\"@id\":\"https:\\\/\\\/rpmmach.com\\\/#organization\"},\"potentialAction\":[{\"@type\":\"SearchAction\",\"target\":{\"@type\":\"EntryPoint\",\"urlTemplate\":\"https:\\\/\\\/rpmmach.com\\\/?s={search_term_string}\"},\"query-input\":{\"@type\":\"PropertyValueSpecification\",\"valueRequired\":true,\"valueName\":\"search_term_string\"}}],\"inLanguage\":\"de\"},{\"@type\":\"Organization\",\"@id\":\"https:\\\/\\\/rpmmach.com\\\/#organization\",\"name\":\"RPM\",\"url\":\"https:\\\/\\\/rpmmach.com\\\/\",\"logo\":{\"@type\":\"ImageObject\",\"inLanguage\":\"de\",\"@id\":\"https:\\\/\\\/rpmmach.com\\\/#\\\/schema\\\/logo\\\/image\\\/\",\"url\":\"https:\\\/\\\/rpmmach.com\\\/wp-content\\\/uploads\\\/2024\\\/07\\\/rpm-logo.png\",\"contentUrl\":\"https:\\\/\\\/rpmmach.com\\\/wp-content\\\/uploads\\\/2024\\\/07\\\/rpm-logo.png\",\"width\":258,\"height\":75,\"caption\":\"RPM\"},\"image\":{\"@id\":\"https:\\\/\\\/rpmmach.com\\\/#\\\/schema\\\/logo\\\/image\\\/\"}}]}<\/script>\n<!-- \/ Yoast SEO plugin. -->","yoast_head_json":{"title":"Gummi-Banburys - Rpmmach.com","robots":{"index":"index","follow":"follow","max-snippet":"max-snippet:-1","max-image-preview":"max-image-preview:large","max-video-preview":"max-video-preview:-1"},"canonical":"https:\/\/rpmmach.com\/urunlerimiz\/kaucuk-banburyler\/","og_locale":"de_DE","og_type":"article","og_title":"Gummi-Banburys - Rpmmach.com","og_description":"Gummi-Banburys Banbury-Mischer geh\u00f6ren zu den wichtigsten Maschinen in diesem Sektor und werden zum Mischen der in der Gummiformulierung verwendeten Chemikalien durch mechanische Druckwirkung eingesetzt. Die Qualit\u00e4t des auf dieser Maschine durchgef\u00fchrten Prozesses wirkt sich direkt auf die Qualit\u00e4t des Produkts und den Prozessablauf aus. Je homogener die Dispersion Sie in Banburys erreichen, desto homogenere physikalische...","og_url":"https:\/\/rpmmach.com\/urunlerimiz\/kaucuk-banburyler\/","og_site_name":"RPM","article_modified_time":"2024-09-12T12:17:38+00:00","og_image":[{"url":"https:\/\/rpmmach.com\/wp-content\/uploads\/2024\/09\/rpm-banbury-110l-001-782x1024.jpg","type":"","width":"","height":""}],"twitter_card":"summary_large_image","twitter_misc":{"Gesch\u00e4tzte Lesezeit":"5\u00a0Minuten"},"schema":{"@context":"https:\/\/schema.org","@graph":[{"@type":"WebPage","@id":"https:\/\/rpmmach.com\/urunlerimiz\/kaucuk-banburyler\/","url":"https:\/\/rpmmach.com\/urunlerimiz\/kaucuk-banburyler\/","name":"Gummi-Banburys - Rpmmach.com","isPartOf":{"@id":"https:\/\/rpmmach.com\/#website"},"primaryImageOfPage":{"@id":"https:\/\/rpmmach.com\/urunlerimiz\/kaucuk-banburyler\/#primaryimage"},"image":{"@id":"https:\/\/rpmmach.com\/urunlerimiz\/kaucuk-banburyler\/#primaryimage"},"thumbnailUrl":"https:\/\/rpmmach.com\/wp-content\/uploads\/2024\/09\/rpm-banbury-110l-001-782x1024.jpg","datePublished":"2024-07-31T11:33:47+00:00","dateModified":"2024-09-12T12:17:38+00:00","breadcrumb":{"@id":"https:\/\/rpmmach.com\/urunlerimiz\/kaucuk-banburyler\/#breadcrumb"},"inLanguage":"de","potentialAction":[{"@type":"ReadAction","target":["https:\/\/rpmmach.com\/urunlerimiz\/kaucuk-banburyler\/"]}]},{"@type":"ImageObject","inLanguage":"de","@id":"https:\/\/rpmmach.com\/urunlerimiz\/kaucuk-banburyler\/#primaryimage","url":"https:\/\/rpmmach.com\/wp-content\/uploads\/2024\/09\/rpm-banbury-110l-001-782x1024.jpg","contentUrl":"https:\/\/rpmmach.com\/wp-content\/uploads\/2024\/09\/rpm-banbury-110l-001-782x1024.jpg"},{"@type":"BreadcrumbList","@id":"https:\/\/rpmmach.com\/urunlerimiz\/kaucuk-banburyler\/#breadcrumb","itemListElement":[{"@type":"ListItem","position":1,"name":"Anasayfa","item":"https:\/\/rpmmach.com\/"},{"@type":"ListItem","position":2,"name":"Unsere Produkte","item":"https:\/\/rpmmach.com\/urunlerimiz\/"},{"@type":"ListItem","position":3,"name":"Gummi-Banburys"}]},{"@type":"WebSite","@id":"https:\/\/rpmmach.com\/#website","url":"https:\/\/rpmmach.com\/","name":"RPM","description":"Kau\u00e7uk Plastik Makine","publisher":{"@id":"https:\/\/rpmmach.com\/#organization"},"potentialAction":[{"@type":"SearchAction","target":{"@type":"EntryPoint","urlTemplate":"https:\/\/rpmmach.com\/?s={search_term_string}"},"query-input":{"@type":"PropertyValueSpecification","valueRequired":true,"valueName":"search_term_string"}}],"inLanguage":"de"},{"@type":"Organization","@id":"https:\/\/rpmmach.com\/#organization","name":"RPM","url":"https:\/\/rpmmach.com\/","logo":{"@type":"ImageObject","inLanguage":"de","@id":"https:\/\/rpmmach.com\/#\/schema\/logo\/image\/","url":"https:\/\/rpmmach.com\/wp-content\/uploads\/2024\/07\/rpm-logo.png","contentUrl":"https:\/\/rpmmach.com\/wp-content\/uploads\/2024\/07\/rpm-logo.png","width":258,"height":75,"caption":"RPM"},"image":{"@id":"https:\/\/rpmmach.com\/#\/schema\/logo\/image\/"}}]}},"taxonomy_info":[],"featured_image_src_large":false,"author_info":{"display_name":"RPM Kau\u00e7uk","author_link":"https:\/\/rpmmach.com\/de\/author\/rpm\/"},"comment_info":0,"_links":{"self":[{"href":"https:\/\/rpmmach.com\/de\/wp-json\/wp\/v2\/pages\/2720","targetHints":{"allow":["GET"]}}],"collection":[{"href":"https:\/\/rpmmach.com\/de\/wp-json\/wp\/v2\/pages"}],"about":[{"href":"https:\/\/rpmmach.com\/de\/wp-json\/wp\/v2\/types\/page"}],"author":[{"embeddable":true,"href":"https:\/\/rpmmach.com\/de\/wp-json\/wp\/v2\/users\/3"}],"replies":[{"embeddable":true,"href":"https:\/\/rpmmach.com\/de\/wp-json\/wp\/v2\/comments?post=2720"}],"version-history":[{"count":3,"href":"https:\/\/rpmmach.com\/de\/wp-json\/wp\/v2\/pages\/2720\/revisions"}],"predecessor-version":[{"id":3375,"href":"https:\/\/rpmmach.com\/de\/wp-json\/wp\/v2\/pages\/2720\/revisions\/3375"}],"up":[{"embeddable":true,"href":"https:\/\/rpmmach.com\/de\/wp-json\/wp\/v2\/pages\/2648"}],"wp:attachment":[{"href":"https:\/\/rpmmach.com\/de\/wp-json\/wp\/v2\/media?parent=2720"}],"curies":[{"name":"wp","href":"https:\/\/api.w.org\/{rel}","templated":true}]}}