{"id":2702,"date":"2024-08-06T09:16:40","date_gmt":"2024-08-06T09:16:40","guid":{"rendered":"https:\/\/rpmmach.com\/nuestros-productos\/extrusoras-de-filtros-de-caucho\/"},"modified":"2026-05-04T02:50:17","modified_gmt":"2026-05-04T02:50:17","slug":"extrusoras-de-filtros-de-caucho","status":"publish","type":"page","link":"https:\/\/rpmmach.com\/es\/nuestros-productos\/extrusoras-de-filtros-de-caucho\/","title":{"rendered":"Extrusoras de filtros de caucho"},"content":{"rendered":"<style>.wp-block-kadence-advancedheading.kt-adv-heading2327_head-2702, .wp-block-kadence-advancedheading.kt-adv-heading2327_head-2702[data-kb-block=\"kb-adv-heading2327_head-2702\"]{text-align:left;font-style:normal;}.wp-block-kadence-advancedheading.kt-adv-heading2327_head-2702 mark.kt-highlight, .wp-block-kadence-advancedheading.kt-adv-heading2327_head-2702[data-kb-block=\"kb-adv-heading2327_head-2702\"] mark.kt-highlight{font-style:normal;color:var(--global-palette9, #ffffff);background:var(--global-palette1, #3182CE);-webkit-box-decoration-break:clone;box-decoration-break:clone;padding-top:0px;padding-right:0px;padding-bottom:0px;padding-left:0px;}.wp-block-kadence-advancedheading.kt-adv-heading2327_head-2702 img.kb-inline-image, .wp-block-kadence-advancedheading.kt-adv-heading2327_head-2702[data-kb-block=\"kb-adv-heading2327_head-2702\"] img.kb-inline-image{width:150px;vertical-align:baseline;}<\/style>\n<h1 class=\"kt-adv-heading2327_head-2702 wp-block-kadence-advancedheading\" data-kb-block=\"kb-adv-heading2327_head-2702\"><mark class=\"kt-highlight\">Extrusoras de filtros de caucho<\/mark><\/h1>\n\n\n\n<p class=\"wp-block-paragraph\">Dise\u00f1adas para la precisi\u00f3n y la eficiencia, nuestras Extrusoras de Filtro de Caucho est\u00e1n concebidas para manejar las tareas de procesamiento de caucho m\u00e1s exigentes. Estas m\u00e1quinas filtran y refinan eficientemente los materiales de caucho forz\u00e1ndolos a trav\u00e9s de un molde de filtrado, eliminando impurezas y garantizando una consistencia uniforme. Este proceso es crucial para producir productos de caucho de alta calidad, mejorando la pureza y el rendimiento del material.<\/p>\n\n\n\n<p class=\"wp-block-paragraph\">Hay dos opciones para estas Extrusoras de Filtro;<\/p>\n\n\n<div class=\"wp-block-image\">\n<figure class=\"aligncenter size-large\"><img decoding=\"async\" src=\"https:\/\/rpmmach.com\/wp-content\/uploads\/2024\/09\/suzme-ekstruderleri-001-1024x694.jpg\" alt=\"\" \/><\/figure>\n<\/div>\n\n<div class=\"wp-block-image\">\n<figure class=\"aligncenter size-large\"><img decoding=\"async\" src=\"https:\/\/rpmmach.com\/wp-content\/uploads\/2024\/09\/suzme-ekstruderleri-002-1024x580.jpg\" alt=\"\" \/><\/figure>\n<\/div>\n\n<div class=\"wp-block-image\">\n<figure class=\"aligncenter size-large\"><img decoding=\"async\" src=\"https:\/\/rpmmach.com\/wp-content\/uploads\/2024\/09\/suzme-ekstruderleri-003-1024x707.jpg\" alt=\"\" \/><\/figure>\n<\/div>\n\n<div class=\"wp-block-image\">\n<figure class=\"aligncenter size-large\"><img decoding=\"async\" src=\"https:\/\/rpmmach.com\/wp-content\/uploads\/2024\/09\/suzme-ekstruderleri-004-1024x684.jpg\" alt=\"\" \/><\/figure>\n<\/div>\n\n<div class=\"wp-block-image\">\n<figure class=\"aligncenter size-large\"><img decoding=\"async\" src=\"https:\/\/rpmmach.com\/wp-content\/uploads\/2024\/09\/suzme-ekstruderleri-005-1024x601.jpg\" alt=\"\" \/><\/figure>\n<\/div>\n\n<div class=\"wp-block-image\">\n<figure class=\"aligncenter size-large\"><img decoding=\"async\" src=\"https:\/\/rpmmach.com\/wp-content\/uploads\/2024\/09\/suzme-ekstruderleri-006-1024x650.jpg\" alt=\"\" \/><\/figure>\n<\/div>\n\n<div class=\"wp-block-image\">\n<figure class=\"aligncenter size-large\"><img decoding=\"async\" src=\"https:\/\/rpmmach.com\/wp-content\/uploads\/2024\/09\/suzme-ekstruderleri-007-1024x613.jpg\" alt=\"\" \/><\/figure>\n<\/div>\n\n<div class=\"wp-block-image\">\n<figure class=\"aligncenter size-large\"><img decoding=\"async\" src=\"https:\/\/rpmmach.com\/wp-content\/uploads\/2024\/09\/suzme-ekstruderleri-008-1024x520.jpg\" alt=\"\" \/><\/figure>\n<\/div>\n\n\n<p class=\"wp-block-paragraph\">Nuestras extrusoras son vers\u00e1tiles y confiables, equipadas con caracter\u00edsticas avanzadas para manejar varios tipos de caucho. Pueden fabricarse en diferentes di\u00e1metros para satisfacer sus necesidades espec\u00edficas y est\u00e1n equipadas con control PLC para una operaci\u00f3n f\u00e1cil y precisa. Con construcci\u00f3n robusta y tecnolog\u00eda de vanguardia, las Extrusoras de Filtro de Caucho de RPMMach garantizan calidad y rendimiento consistentes.<\/p>\n\n\n<style>.wp-block-kadence-advancedbtn.kb-btns2327_btn-2702{gap:var(--global-kb-gap-xs, 0.5rem );justify-content:center;align-items:center;}.kt-btns2327_btn-2702 .kt-button{font-weight:normal;font-style:normal;}.kt-btns2327_btn-2702 .kt-btn-wrap-0{margin-right:5px;}.wp-block-kadence-advancedbtn.kt-btns2327_btn-2702 .kt-btn-wrap-0 .kt-button{color:#555555;border-color:#555555;}.wp-block-kadence-advancedbtn.kt-btns2327_btn-2702 .kt-btn-wrap-0 .kt-button:hover, .wp-block-kadence-advancedbtn.kt-btns2327_btn-2702 .kt-btn-wrap-0 .kt-button:focus{color:#ffffff;border-color:#444444;}.wp-block-kadence-advancedbtn.kt-btns2327_btn-2702 .kt-btn-wrap-0 .kt-button::before{display:none;}.wp-block-kadence-advancedbtn.kt-btns2327_btn-2702 .kt-btn-wrap-0 .kt-button:hover, .wp-block-kadence-advancedbtn.kt-btns2327_btn-2702 .kt-btn-wrap-0 .kt-button:focus{background:#444444;}<\/style>\n<div class=\"wp-block-kadence-advancedbtn kb-buttons-wrap kb-btns2327_btn-2702\"><style>ul.menu .wp-block-kadence-advancedbtn .kb-btn2327_sbtn-2702.kb-button{width:initial;}<\/style><a class=\"kb-button kt-button button kb-btn2327_sbtn-2702 kt-btn-size-standard kt-btn-width-type-auto kb-btn-global-inherit  kt-btn-has-text-true kt-btn-has-svg-true  wp-block-button__link wp-block-kadence-singlebtn\" href=\"https:\/\/rpmmach.com\/es\/ponte-en-contacto-con\/\"><span class=\"kb-svg-icon-wrap kb-svg-icon-fe_arrowRight kt-btn-icon-side-left\"><svg viewBox=\"0 0 24 24\"  fill=\"none\" stroke=\"currentColor\" stroke-width=\"2\" stroke-linecap=\"round\" stroke-linejoin=\"round\" xmlns=\"http:\/\/www.w3.org\/2000\/svg\"  aria-hidden=\"true\"><line x1=\"5\" y1=\"12\" x2=\"19\" y2=\"12\"\/><polyline points=\"12 5 19 12 12 19\"\/><\/svg><\/span><span class=\"kt-btn-inner-text\">Cont\u00e1ctenos para obtener informaci\u00f3n detallada sobre el producto<\/span><\/a><\/div>\n","protected":false},"excerpt":{"rendered":"<p>Extrusoras de filtros de caucho Dise\u00f1adas para la precisi\u00f3n y la eficiencia, nuestras Extrusoras de Filtro de Caucho est\u00e1n concebidas para manejar las tareas de procesamiento de caucho m\u00e1s exigentes. Estas m\u00e1quinas filtran y refinan eficientemente los materiales de caucho forz\u00e1ndolos a trav\u00e9s de un molde de filtrado, eliminando impurezas y garantizando una consistencia uniforme&#8230;.<\/p>\n","protected":false},"author":6,"featured_media":0,"parent":2644,"menu_order":0,"comment_status":"closed","ping_status":"closed","template":"","meta":{"_crdt_document":"","_kad_blocks_custom_css":"","_kad_blocks_head_custom_js":"","_kad_blocks_body_custom_js":"","_kad_blocks_footer_custom_js":"","_kadence_starter_templates_imported_post":false,"_kad_post_transparent":"","_kad_post_title":"","_kad_post_layout":"","_kad_post_sidebar_id":"","_kad_post_content_style":"","_kad_post_vertical_padding":"","_kad_post_feature":"","_kad_post_feature_position":"","_kad_post_header":false,"_kad_post_footer":false,"_kad_post_classname":"","_joinchat":[],"footnotes":""},"class_list":["post-2702","page","type-page","status-publish","hentry"],"yoast_head":"<!-- This site is optimized with the Yoast SEO plugin v27.5 - https:\/\/yoast.com\/product\/yoast-seo-wordpress\/ -->\n<title>Extrusoras de filtros de caucho - Rpmmach.com<\/title>\n<meta name=\"robots\" content=\"index, follow, max-snippet:-1, max-image-preview:large, max-video-preview:-1\" \/>\n<link rel=\"canonical\" href=\"https:\/\/rpmmach.com\/urunlerimiz\/kaucuk-suzme-ekstruderleri\/\" \/>\n<meta property=\"og:locale\" content=\"es_ES\" \/>\n<meta property=\"og:type\" content=\"article\" \/>\n<meta property=\"og:title\" content=\"Extrusoras de filtros de caucho - Rpmmach.com\" \/>\n<meta property=\"og:description\" content=\"Extrusoras de filtros de caucho Dise\u00f1adas para la precisi\u00f3n y la eficiencia, nuestras Extrusoras de Filtro de Caucho est\u00e1n concebidas para manejar las tareas de procesamiento de caucho m\u00e1s exigentes. Estas m\u00e1quinas filtran y refinan eficientemente los materiales de caucho forz\u00e1ndolos a trav\u00e9s de un molde de filtrado, eliminando impurezas y garantizando una consistencia uniforme....\" \/>\n<meta property=\"og:url\" content=\"https:\/\/rpmmach.com\/urunlerimiz\/kaucuk-suzme-ekstruderleri\/\" \/>\n<meta property=\"og:site_name\" content=\"RPM\" \/>\n<meta property=\"article:publisher\" content=\"https:\/\/www.facebook.com\/rpmmach\" \/>\n<meta property=\"article:modified_time\" content=\"2026-05-04T02:50:17+00:00\" \/>\n<meta property=\"og:image\" content=\"https:\/\/rpmmach.com\/wp-content\/uploads\/2024\/09\/suzme-ekstruderleri-001-1024x694.jpg\" \/>\n<meta name=\"twitter:card\" content=\"summary_large_image\" \/>\n<meta name=\"twitter:label1\" content=\"Tiempo de lectura\" \/>\n\t<meta name=\"twitter:data1\" content=\"2 minutos\" \/>\n<script type=\"application\/ld+json\" class=\"yoast-schema-graph\">{\"@context\":\"https:\\\/\\\/schema.org\",\"@graph\":[{\"@type\":\"WebPage\",\"@id\":\"https:\\\/\\\/rpmmach.com\\\/urunlerimiz\\\/kaucuk-suzme-ekstruderleri\\\/\",\"url\":\"https:\\\/\\\/rpmmach.com\\\/urunlerimiz\\\/kaucuk-suzme-ekstruderleri\\\/\",\"name\":\"Extrusoras de filtros de caucho - Rpmmach.com\",\"isPartOf\":{\"@id\":\"https:\\\/\\\/rpmmach.com\\\/#website\"},\"primaryImageOfPage\":{\"@id\":\"https:\\\/\\\/rpmmach.com\\\/urunlerimiz\\\/kaucuk-suzme-ekstruderleri\\\/#primaryimage\"},\"image\":{\"@id\":\"https:\\\/\\\/rpmmach.com\\\/urunlerimiz\\\/kaucuk-suzme-ekstruderleri\\\/#primaryimage\"},\"thumbnailUrl\":\"https:\\\/\\\/rpmmach.com\\\/wp-content\\\/uploads\\\/2024\\\/09\\\/suzme-ekstruderleri-001-1024x694.jpg\",\"datePublished\":\"2024-08-06T09:16:40+00:00\",\"dateModified\":\"2026-05-04T02:50:17+00:00\",\"breadcrumb\":{\"@id\":\"https:\\\/\\\/rpmmach.com\\\/urunlerimiz\\\/kaucuk-suzme-ekstruderleri\\\/#breadcrumb\"},\"inLanguage\":\"es\",\"potentialAction\":[{\"@type\":\"ReadAction\",\"target\":[\"https:\\\/\\\/rpmmach.com\\\/urunlerimiz\\\/kaucuk-suzme-ekstruderleri\\\/\"]}]},{\"@type\":\"ImageObject\",\"inLanguage\":\"es\",\"@id\":\"https:\\\/\\\/rpmmach.com\\\/urunlerimiz\\\/kaucuk-suzme-ekstruderleri\\\/#primaryimage\",\"url\":\"https:\\\/\\\/rpmmach.com\\\/wp-content\\\/uploads\\\/2024\\\/09\\\/suzme-ekstruderleri-001-1024x694.jpg\",\"contentUrl\":\"https:\\\/\\\/rpmmach.com\\\/wp-content\\\/uploads\\\/2024\\\/09\\\/suzme-ekstruderleri-001-1024x694.jpg\"},{\"@type\":\"BreadcrumbList\",\"@id\":\"https:\\\/\\\/rpmmach.com\\\/urunlerimiz\\\/kaucuk-suzme-ekstruderleri\\\/#breadcrumb\",\"itemListElement\":[{\"@type\":\"ListItem\",\"position\":1,\"name\":\"Anasayfa\",\"item\":\"https:\\\/\\\/rpmmach.com\\\/\"},{\"@type\":\"ListItem\",\"position\":2,\"name\":\"Nuestros productos\",\"item\":\"https:\\\/\\\/rpmmach.com\\\/urunlerimiz\\\/\"},{\"@type\":\"ListItem\",\"position\":3,\"name\":\"Extrusoras de filtros de caucho\"}]},{\"@type\":\"WebSite\",\"@id\":\"https:\\\/\\\/rpmmach.com\\\/#website\",\"url\":\"https:\\\/\\\/rpmmach.com\\\/\",\"name\":\"RPM\",\"description\":\"Kau\u00e7uk Plastik Makine\",\"publisher\":{\"@id\":\"https:\\\/\\\/rpmmach.com\\\/#organization\"},\"potentialAction\":[{\"@type\":\"SearchAction\",\"target\":{\"@type\":\"EntryPoint\",\"urlTemplate\":\"https:\\\/\\\/rpmmach.com\\\/?s={search_term_string}\"},\"query-input\":{\"@type\":\"PropertyValueSpecification\",\"valueRequired\":true,\"valueName\":\"search_term_string\"}}],\"inLanguage\":\"es\"},{\"@type\":\"Organization\",\"@id\":\"https:\\\/\\\/rpmmach.com\\\/#organization\",\"name\":\"RPM\",\"url\":\"https:\\\/\\\/rpmmach.com\\\/\",\"logo\":{\"@type\":\"ImageObject\",\"inLanguage\":\"es\",\"@id\":\"https:\\\/\\\/rpmmach.com\\\/#\\\/schema\\\/logo\\\/image\\\/\",\"url\":\"https:\\\/\\\/rpmmach.com\\\/wp-content\\\/uploads\\\/2024\\\/07\\\/rpm-logo.png\",\"contentUrl\":\"https:\\\/\\\/rpmmach.com\\\/wp-content\\\/uploads\\\/2024\\\/07\\\/rpm-logo.png\",\"width\":258,\"height\":75,\"caption\":\"RPM\"},\"image\":{\"@id\":\"https:\\\/\\\/rpmmach.com\\\/#\\\/schema\\\/logo\\\/image\\\/\"},\"sameAs\":[\"https:\\\/\\\/www.facebook.com\\\/rpmmach\"]}]}<\/script>\n<!-- \/ Yoast SEO plugin. -->","yoast_head_json":{"title":"Extrusoras de filtros de caucho - Rpmmach.com","robots":{"index":"index","follow":"follow","max-snippet":"max-snippet:-1","max-image-preview":"max-image-preview:large","max-video-preview":"max-video-preview:-1"},"canonical":"https:\/\/rpmmach.com\/urunlerimiz\/kaucuk-suzme-ekstruderleri\/","og_locale":"es_ES","og_type":"article","og_title":"Extrusoras de filtros de caucho - Rpmmach.com","og_description":"Extrusoras de filtros de caucho Dise\u00f1adas para la precisi\u00f3n y la eficiencia, nuestras Extrusoras de Filtro de Caucho est\u00e1n concebidas para manejar las tareas de procesamiento de caucho m\u00e1s exigentes. Estas m\u00e1quinas filtran y refinan eficientemente los materiales de caucho forz\u00e1ndolos a trav\u00e9s de un molde de filtrado, eliminando impurezas y garantizando una consistencia uniforme....","og_url":"https:\/\/rpmmach.com\/urunlerimiz\/kaucuk-suzme-ekstruderleri\/","og_site_name":"RPM","article_publisher":"https:\/\/www.facebook.com\/rpmmach","article_modified_time":"2026-05-04T02:50:17+00:00","og_image":[{"url":"https:\/\/rpmmach.com\/wp-content\/uploads\/2024\/09\/suzme-ekstruderleri-001-1024x694.jpg","type":"","width":"","height":""}],"twitter_card":"summary_large_image","twitter_misc":{"Tiempo de lectura":"2 minutos"},"schema":{"@context":"https:\/\/schema.org","@graph":[{"@type":"WebPage","@id":"https:\/\/rpmmach.com\/urunlerimiz\/kaucuk-suzme-ekstruderleri\/","url":"https:\/\/rpmmach.com\/urunlerimiz\/kaucuk-suzme-ekstruderleri\/","name":"Extrusoras de filtros de caucho - Rpmmach.com","isPartOf":{"@id":"https:\/\/rpmmach.com\/#website"},"primaryImageOfPage":{"@id":"https:\/\/rpmmach.com\/urunlerimiz\/kaucuk-suzme-ekstruderleri\/#primaryimage"},"image":{"@id":"https:\/\/rpmmach.com\/urunlerimiz\/kaucuk-suzme-ekstruderleri\/#primaryimage"},"thumbnailUrl":"https:\/\/rpmmach.com\/wp-content\/uploads\/2024\/09\/suzme-ekstruderleri-001-1024x694.jpg","datePublished":"2024-08-06T09:16:40+00:00","dateModified":"2026-05-04T02:50:17+00:00","breadcrumb":{"@id":"https:\/\/rpmmach.com\/urunlerimiz\/kaucuk-suzme-ekstruderleri\/#breadcrumb"},"inLanguage":"es","potentialAction":[{"@type":"ReadAction","target":["https:\/\/rpmmach.com\/urunlerimiz\/kaucuk-suzme-ekstruderleri\/"]}]},{"@type":"ImageObject","inLanguage":"es","@id":"https:\/\/rpmmach.com\/urunlerimiz\/kaucuk-suzme-ekstruderleri\/#primaryimage","url":"https:\/\/rpmmach.com\/wp-content\/uploads\/2024\/09\/suzme-ekstruderleri-001-1024x694.jpg","contentUrl":"https:\/\/rpmmach.com\/wp-content\/uploads\/2024\/09\/suzme-ekstruderleri-001-1024x694.jpg"},{"@type":"BreadcrumbList","@id":"https:\/\/rpmmach.com\/urunlerimiz\/kaucuk-suzme-ekstruderleri\/#breadcrumb","itemListElement":[{"@type":"ListItem","position":1,"name":"Anasayfa","item":"https:\/\/rpmmach.com\/"},{"@type":"ListItem","position":2,"name":"Nuestros productos","item":"https:\/\/rpmmach.com\/urunlerimiz\/"},{"@type":"ListItem","position":3,"name":"Extrusoras de filtros de caucho"}]},{"@type":"WebSite","@id":"https:\/\/rpmmach.com\/#website","url":"https:\/\/rpmmach.com\/","name":"RPM","description":"Kau\u00e7uk Plastik Makine","publisher":{"@id":"https:\/\/rpmmach.com\/#organization"},"potentialAction":[{"@type":"SearchAction","target":{"@type":"EntryPoint","urlTemplate":"https:\/\/rpmmach.com\/?s={search_term_string}"},"query-input":{"@type":"PropertyValueSpecification","valueRequired":true,"valueName":"search_term_string"}}],"inLanguage":"es"},{"@type":"Organization","@id":"https:\/\/rpmmach.com\/#organization","name":"RPM","url":"https:\/\/rpmmach.com\/","logo":{"@type":"ImageObject","inLanguage":"es","@id":"https:\/\/rpmmach.com\/#\/schema\/logo\/image\/","url":"https:\/\/rpmmach.com\/wp-content\/uploads\/2024\/07\/rpm-logo.png","contentUrl":"https:\/\/rpmmach.com\/wp-content\/uploads\/2024\/07\/rpm-logo.png","width":258,"height":75,"caption":"RPM"},"image":{"@id":"https:\/\/rpmmach.com\/#\/schema\/logo\/image\/"},"sameAs":["https:\/\/www.facebook.com\/rpmmach"]}]}},"taxonomy_info":[],"featured_image_src_large":false,"author_info":{"display_name":"RPM SEO","author_link":"https:\/\/rpmmach.com\/es\/author\/rpmseo\/"},"comment_info":0,"_links":{"self":[{"href":"https:\/\/rpmmach.com\/es\/wp-json\/wp\/v2\/pages\/2702","targetHints":{"allow":["GET"]}}],"collection":[{"href":"https:\/\/rpmmach.com\/es\/wp-json\/wp\/v2\/pages"}],"about":[{"href":"https:\/\/rpmmach.com\/es\/wp-json\/wp\/v2\/types\/page"}],"author":[{"embeddable":true,"href":"https:\/\/rpmmach.com\/es\/wp-json\/wp\/v2\/users\/6"}],"replies":[{"embeddable":true,"href":"https:\/\/rpmmach.com\/es\/wp-json\/wp\/v2\/comments?post=2702"}],"version-history":[{"count":3,"href":"https:\/\/rpmmach.com\/es\/wp-json\/wp\/v2\/pages\/2702\/revisions"}],"predecessor-version":[{"id":4798,"href":"https:\/\/rpmmach.com\/es\/wp-json\/wp\/v2\/pages\/2702\/revisions\/4798"}],"up":[{"embeddable":true,"href":"https:\/\/rpmmach.com\/es\/wp-json\/wp\/v2\/pages\/2644"}],"wp:attachment":[{"href":"https:\/\/rpmmach.com\/es\/wp-json\/wp\/v2\/media?parent=2702"}],"curies":[{"name":"wp","href":"https:\/\/api.w.org\/{rel}","templated":true}]}}